{"id":10601,"date":"2023-01-26T11:15:53","date_gmt":"2023-01-26T11:15:53","guid":{"rendered":"https:\/\/jardinarium.com\/blog\/?page_id=10601"},"modified":"2023-07-06T16:07:00","modified_gmt":"2023-07-06T15:07:00","slug":"localizador-de-tiendas","status":"publish","type":"page","link":"https:\/\/jardinarium.com\/blog\/localizador-de-tiendas\/","title":{"rendered":"Localizador de tiendas"},"content":{"rendered":"\t\t<div data-elementor-type=\"wp-page\" data-elementor-id=\"10601\" class=\"elementor elementor-10601\" data-elementor-post-type=\"page\">\n\t\t\t\t\t\t<section class=\"wd-negative-gap elementor-section elementor-top-section elementor-element elementor-element-fe88713 elementor-section-boxed elementor-section-height-default elementor-section-height-default\" data-id=\"fe88713\" data-element_type=\"section\" data-e-type=\"section\">\n\t\t\t\t\t\t<div class=\"elementor-container elementor-column-gap-default\">\n\t\t\t\t\t<div class=\"elementor-column elementor-col-100 elementor-top-column elementor-element elementor-element-4ca755a\" data-id=\"4ca755a\" data-element_type=\"column\" data-e-type=\"column\">\n\t\t\t<div class=\"elementor-widget-wrap elementor-element-populated\">\n\t\t\t\t\t\t<div class=\"elementor-element elementor-element-0c9c9ff elementor-widget elementor-widget-shortcode\" data-id=\"0c9c9ff\" data-element_type=\"widget\" data-e-type=\"widget\" data-widget_type=\"shortcode.default\">\n\t\t\t\t<div class=\"elementor-widget-container\">\n\t\t\t\t\t\t\t<div class=\"elementor-shortcode\"><style type=\"text\/css\">\n  #asl-storelocator.asl-cont.asl-template-0 {--sl-font-size: 14px;--sl-title-size: 16px;--sl-btn-size: 14px;--sl-primary: #02633C;--sl-header: #F7F7F7;--sl-header-color: #32373c;--sl-infobox-color: #555d66;--sl-infobox-bg: #FFFFFF;--sl-infobox-a: #02633C;--sl-action-btn-color: #FFFFFF;--sl-action-btn-bg: #02633C;--sl-color: #555d66;--sl-list-bg: #FFFFFF;--sl-list-title: #02633C;--sl-list-sub-title: #6a6a6a;--sl-highlighted: #F7F7F7;}.asl-p-cont .asl-print-btn,.asl-cont .asl-print-btn {display: none !important;}  .asl-cont .onoffswitch .onoffswitch-label .onoffswitch-switch:before {content: \"ABIERTO\" !important;}\n  .asl-cont .onoffswitch .onoffswitch-label .onoffswitch-switch:after {content: \"TODOS\" !important;}\n  @media (max-width: 767px) {\n    #asl-storelocator.asl-cont .asl-panel {order: 0;}\n  }\n  .asl-cont.sl-search-only .Filter_section + .sl-row {display: none;}\n<\/style>\n<div id=\"asl-storelocator\" class=\"storelocator-main asl-cont asl-template-0 asl-layout-0 asl-bg-0 full-width no-asl-filters  asl-text-1\">\n  <div class=\"asl-wrapper\">\n    <div class=\"sl-container-fluid\">\n            <div class=\"sl-gdpr-cont\">\n          <div class=\"gdpr-ol\"><\/div>\n          <div class=\"gdpr-ol-bg\">\n            <div class=\"gdpr-box\">\n              <p>Debido al RGPD, necesitamos tu consentimiento para cargar datos de Google, m\u00e1s informaci\u00f3n en nuestra pol\u00edtica de privacidad.<\/p>\n              <a class=\"btn btn-asl\" id=\"sl-btn-gdpr\">Cargar Localizador de tiendas<\/a>\n            <\/div>\n          <\/div>\n      <\/div>\n                  <div class=\"sl-row\">\n        <div class=\"pol-12\">\n            <div class=\"sl-main-cont\">\n                <div class=\"sl-row no-gutters sl-main-row\">\n                    <div id=\"asl-panel\" class=\"asl-panel pol-md-5 pol-lg-4 asl_locator-panel\">\n                        <div class=\"asl-overlay\" id=\"map-loading\">\n                            <div class=\"white\"><\/div>\n                            <div class=\"sl-loading\">\n                              <i class=\"animate-sl-spin icon-spin3\"><\/i>\n                              Cargando                            <\/div>\n                        <\/div>\n                                                <div class=\"inside search_filter\">\n                          <p class=\"mb-2\">ubicaci\u00f3n de b\u00fasqueda<\/p>\n                          <div class=\"asl-store-search\">\n                            <input type=\"text\" value=\"\" id=\"auto-complete-search\" class=\"asl-search-address form-control\" placeholder=\"Ingrese una ubicaci\u00f3n\">\n                            <button type=\"button\" class=\"span-geo\"><i class=\"asl-geo icon-search\" title=\"ubicaci\u00f3n de b\u00fasqueda\"><\/i><\/button>\n                          <\/div>\n                        <\/div>\n                                                <!-- list -->\n                        <div class=\"asl-panel-inner\">\n                            <div class=\"top-title Num_of_store\">\n                              <span>Centros Jardinarium: <span class=\"count-result\">0<\/span><\/span>\n                              <a class=\"asl-print-btn\"><span>IMPRESI\u00d3N<\/span><span class=\"asl-print\"><\/span><\/a>\n                            <\/div>\n                            <div class=\"sl-main-cont-box\">\n                              <div id=\"asl-list\" class=\"sl-list-wrapper\">\n                                <ul id=\"p-statelist\" class=\"sl-list\">\n                                <\/ul>\n                              <\/div>\n                            <\/div>\n                        <\/div>\n\n                        <div class=\"directions-cont hide\">\n                            <div class=\"agile-modal-header\">\n                                <button type=\"button\" class=\"close\"><span aria-hidden=\"true\">\u00d7<\/span><\/button>\n                                <h4>Direcci\u00f3n de la tienda<\/h4>\n                            <\/div>\n                            <div class=\"rendered-directions\" id=\"asl-rendered-dir\" style=\"direction: ltr;\"><\/div>\n                        <\/div>\n                    <\/div>\n                    <div class=\"pol-md-7 pol-lg-8 asl-map\">\n                        <div class=\"map-image\">\n                            <div id=\"asl-map-canv\" class=\"asl-map-canv\"><\/div>\n                            <div id=\"agile-modal-direction\" class=\"agile-modal fade\">\n    <div class=\"agile-modal-backdrop-in\"><\/div>\n    <div class=\"agile-modal-dialog in\">\n        <div class=\"agile-modal-content\">\n            <div class=\"sl-form-group d-flex justify-content-between\">\n                <h4>Obtenga su direcci\u00f3n<\/h4>\n                <button type=\"button\" class=\"close-directions sl-close\" data-dismiss=\"agile-modal\" aria-label=\"Close\">&times;<\/button>\n            <\/div>\n            <div class=\"sl-form-group\">\n                <label for=\"frm-lbl\">Desde:<\/label>\n                <input type=\"text\" class=\"form-control frm-place\" id=\"frm-lbl\" placeholder=\"Ingrese una ubicaci\u00f3n\">\n            <\/div>\n            <div class=\"sl-form-group\">\n                <label for=\"frm-lbl\">A:<\/label>\n                <input readonly=\"true\" type=\"text\"  class=\"directions-to form-control\" id=\"to-lbl\" placeholder=\"Direcci\u00f3n de destino rellenada previamente\">\n            <\/div>\n            <div class=\"sl-form-group mb-0\">\n                <label class=\"checkbox-inline\">\n                    <input type=\"radio\" name=\"dist-type\"  id=\"rbtn-km\" value=\"0\"> kil\u00f3metros                <\/label>\n                <label class=\"checkbox-inline\">\n                    <input type=\"radio\" name=\"dist-type\" checked id=\"rbtn-mile\" value=\"1\"> Milla                <\/label>\n            <\/div>\n            <div class=\"sl-form-group mb-0\">\n                <button type=\"submit\" class=\"btn btn-default btn-submit\">Como llegar<\/button>\n            <\/div>\n        <\/div>\n    <\/div>\n<\/div>\n\n<div id=\"asl-geolocation-agile-modal\" class=\"agile-modal fade\">\n  <div class=\"agile-modal-backdrop-in\"><\/div>\n  <div class=\"agile-modal-dialog in\">\n    <div class=\"agile-modal-content\">\n            <div class=\"sl-form-group d-flex justify-content-between\">\n        <h5>Usar mi ubicaci\u00f3n para encontrar el proveedor de servicios m\u00e1s cercano cerca de m\u00ed<\/h5>\n        <button type=\"button\" class=\"close-directions sl-close\" data-dismiss=\"agile-modal\" aria-label=\"Close\" aria-hidden=\"true\">&times;<\/button>\n      <\/div>\n      <div class=\"sl-form-group text-center mb-0\">\n        <button type=\"button\" id=\"asl-btn-geolocation\" class=\"btn btn-block btn-default\">uso Localizaci\u00f3n<\/button>\n      <\/div>\n          <\/div>\n  <\/div>\n<\/div>\n\n<div id=\"asl-desc-agile-modal\" class=\"agile-modal fade\">\n  <div class=\"agile-modal-backdrop-in\"><\/div>\n  <div class=\"agile-modal-dialog in\">\n    <div class=\"agile-modal-content\">\n      <div class=\"sl-row\">\n        <div class=\"pol-md-12\">\n          <div class=\"sl-form-group d-flex justify-content-between\">\n            <h4 class=\"sl-title\"><\/h4>\n            <button type=\"button\" class=\"close-directions sl-close\" data-dismiss=\"agile-modal\" aria-label=\"Close\">&times;<\/button>\n          <\/div>\n          <p class=\"sl-desc\"><\/p>\n        <\/div>\n      <\/div>\n    <\/div>\n  <\/div>\n<\/div>                        <\/div>\n                    <\/div>\n                <\/div>\n            <\/div>\n        <\/div>\n      <\/div>\n    <\/div>\n  <\/div>\n<\/div>\n<!-- This plugin is developed by \"Agile Store Locator for WordPress\" https:\/\/agilestorelocator.com --><\/div>\n\t\t\t\t\t\t<\/div>\n\t\t\t\t<\/div>\n\t\t\t\t\t<\/div>\n\t\t<\/div>\n\t\t\t\t\t<\/div>\n\t\t<\/section>\n\t\t\t\t<\/div>\n\t\t","protected":false},"excerpt":{"rendered":"","protected":false},"author":1,"featured_media":0,"parent":0,"menu_order":0,"comment_status":"closed","ping_status":"closed","template":"","meta":{"footnotes":""},"class_list":["post-10601","page","type-page","status-publish","hentry"],"yoast_head":"<!-- This site is optimized with the Yoast SEO Premium plugin v19.6 (Yoast SEO v27.3) - https:\/\/yoast.com\/product\/yoast-seo-premium-wordpress\/ -->\n<title>Localizador de tiendas - Jardinarium Blog<\/title>\n<meta name=\"robots\" content=\"index, follow, max-snippet:-1, max-image-preview:large, max-video-preview:-1\" \/>\n<link rel=\"canonical\" href=\"https:\/\/jardinarium.com\/blog\/localizador-de-tiendas\/\" \/>\n<meta property=\"og:locale\" content=\"es_ES\" \/>\n<meta property=\"og:type\" content=\"article\" \/>\n<meta property=\"og:title\" content=\"Localizador de tiendas\" \/>\n<meta property=\"og:url\" content=\"https:\/\/jardinarium.com\/blog\/localizador-de-tiendas\/\" \/>\n<meta property=\"og:site_name\" content=\"Jardinarium Blog\" \/>\n<meta property=\"article:modified_time\" content=\"2023-07-06T15:07:00+00:00\" \/>\n<meta name=\"twitter:card\" content=\"summary_large_image\" \/>\n<meta name=\"twitter:label1\" content=\"Tiempo de lectura\" \/>\n\t<meta name=\"twitter:data1\" content=\"1 minuto\" \/>\n<script type=\"application\/ld+json\" class=\"yoast-schema-graph\">{\"@context\":\"https:\\\/\\\/schema.org\",\"@graph\":[{\"@type\":\"WebPage\",\"@id\":\"https:\\\/\\\/jardinarium.com\\\/blog\\\/localizador-de-tiendas\\\/\",\"url\":\"https:\\\/\\\/jardinarium.com\\\/blog\\\/localizador-de-tiendas\\\/\",\"name\":\"Localizador de tiendas - Jardinarium Blog\",\"isPartOf\":{\"@id\":\"https:\\\/\\\/jardinarium.com\\\/blog\\\/#website\"},\"datePublished\":\"2023-01-26T11:15:53+00:00\",\"dateModified\":\"2023-07-06T15:07:00+00:00\",\"breadcrumb\":{\"@id\":\"https:\\\/\\\/jardinarium.com\\\/blog\\\/localizador-de-tiendas\\\/#breadcrumb\"},\"inLanguage\":\"es\",\"potentialAction\":[{\"@type\":\"ReadAction\",\"target\":[\"https:\\\/\\\/jardinarium.com\\\/blog\\\/localizador-de-tiendas\\\/\"]}]},{\"@type\":\"BreadcrumbList\",\"@id\":\"https:\\\/\\\/jardinarium.com\\\/blog\\\/localizador-de-tiendas\\\/#breadcrumb\",\"itemListElement\":[{\"@type\":\"ListItem\",\"position\":1,\"name\":\"Portada\",\"item\":\"https:\\\/\\\/jardinarium.com\\\/blog\\\/\"},{\"@type\":\"ListItem\",\"position\":2,\"name\":\"Localizador de tiendas\"}]},{\"@type\":\"WebSite\",\"@id\":\"https:\\\/\\\/jardinarium.com\\\/blog\\\/#website\",\"url\":\"https:\\\/\\\/jardinarium.com\\\/blog\\\/\",\"name\":\"Jardinarium Blog\",\"description\":\"Tu blog sobre jardiner\u00eda favorito\",\"publisher\":{\"@id\":\"https:\\\/\\\/jardinarium.com\\\/blog\\\/#organization\"},\"potentialAction\":[{\"@type\":\"SearchAction\",\"target\":{\"@type\":\"EntryPoint\",\"urlTemplate\":\"https:\\\/\\\/jardinarium.com\\\/blog\\\/?s={search_term_string}\"},\"query-input\":{\"@type\":\"PropertyValueSpecification\",\"valueRequired\":true,\"valueName\":\"search_term_string\"}}],\"inLanguage\":\"es\"},{\"@type\":\"Organization\",\"@id\":\"https:\\\/\\\/jardinarium.com\\\/blog\\\/#organization\",\"name\":\"Jardinarium Blog\",\"url\":\"https:\\\/\\\/jardinarium.com\\\/blog\\\/\",\"logo\":{\"@type\":\"ImageObject\",\"inLanguage\":\"es\",\"@id\":\"https:\\\/\\\/jardinarium.com\\\/blog\\\/#\\\/schema\\\/logo\\\/image\\\/\",\"url\":\"https:\\\/\\\/jardinarium.com\\\/blog\\\/wp-content\\\/uploads\\\/2023\\\/01\\\/cropped-logo_jardinarium-nobackground.png\",\"contentUrl\":\"https:\\\/\\\/jardinarium.com\\\/blog\\\/wp-content\\\/uploads\\\/2023\\\/01\\\/cropped-logo_jardinarium-nobackground.png\",\"width\":512,\"height\":512,\"caption\":\"Jardinarium Blog\"},\"image\":{\"@id\":\"https:\\\/\\\/jardinarium.com\\\/blog\\\/#\\\/schema\\\/logo\\\/image\\\/\"}}]}<\/script>\n<!-- \/ Yoast SEO Premium plugin. -->","yoast_head_json":{"title":"Localizador de tiendas - Jardinarium Blog","robots":{"index":"index","follow":"follow","max-snippet":"max-snippet:-1","max-image-preview":"max-image-preview:large","max-video-preview":"max-video-preview:-1"},"canonical":"https:\/\/jardinarium.com\/blog\/localizador-de-tiendas\/","og_locale":"es_ES","og_type":"article","og_title":"Localizador de tiendas","og_url":"https:\/\/jardinarium.com\/blog\/localizador-de-tiendas\/","og_site_name":"Jardinarium Blog","article_modified_time":"2023-07-06T15:07:00+00:00","twitter_card":"summary_large_image","twitter_misc":{"Tiempo de lectura":"1 minuto"},"schema":{"@context":"https:\/\/schema.org","@graph":[{"@type":"WebPage","@id":"https:\/\/jardinarium.com\/blog\/localizador-de-tiendas\/","url":"https:\/\/jardinarium.com\/blog\/localizador-de-tiendas\/","name":"Localizador de tiendas - Jardinarium Blog","isPartOf":{"@id":"https:\/\/jardinarium.com\/blog\/#website"},"datePublished":"2023-01-26T11:15:53+00:00","dateModified":"2023-07-06T15:07:00+00:00","breadcrumb":{"@id":"https:\/\/jardinarium.com\/blog\/localizador-de-tiendas\/#breadcrumb"},"inLanguage":"es","potentialAction":[{"@type":"ReadAction","target":["https:\/\/jardinarium.com\/blog\/localizador-de-tiendas\/"]}]},{"@type":"BreadcrumbList","@id":"https:\/\/jardinarium.com\/blog\/localizador-de-tiendas\/#breadcrumb","itemListElement":[{"@type":"ListItem","position":1,"name":"Portada","item":"https:\/\/jardinarium.com\/blog\/"},{"@type":"ListItem","position":2,"name":"Localizador de tiendas"}]},{"@type":"WebSite","@id":"https:\/\/jardinarium.com\/blog\/#website","url":"https:\/\/jardinarium.com\/blog\/","name":"Jardinarium Blog","description":"Tu blog sobre jardiner\u00eda favorito","publisher":{"@id":"https:\/\/jardinarium.com\/blog\/#organization"},"potentialAction":[{"@type":"SearchAction","target":{"@type":"EntryPoint","urlTemplate":"https:\/\/jardinarium.com\/blog\/?s={search_term_string}"},"query-input":{"@type":"PropertyValueSpecification","valueRequired":true,"valueName":"search_term_string"}}],"inLanguage":"es"},{"@type":"Organization","@id":"https:\/\/jardinarium.com\/blog\/#organization","name":"Jardinarium Blog","url":"https:\/\/jardinarium.com\/blog\/","logo":{"@type":"ImageObject","inLanguage":"es","@id":"https:\/\/jardinarium.com\/blog\/#\/schema\/logo\/image\/","url":"https:\/\/jardinarium.com\/blog\/wp-content\/uploads\/2023\/01\/cropped-logo_jardinarium-nobackground.png","contentUrl":"https:\/\/jardinarium.com\/blog\/wp-content\/uploads\/2023\/01\/cropped-logo_jardinarium-nobackground.png","width":512,"height":512,"caption":"Jardinarium Blog"},"image":{"@id":"https:\/\/jardinarium.com\/blog\/#\/schema\/logo\/image\/"}}]}},"_links":{"self":[{"href":"https:\/\/jardinarium.com\/blog\/wp-json\/wp\/v2\/pages\/10601","targetHints":{"allow":["GET"]}}],"collection":[{"href":"https:\/\/jardinarium.com\/blog\/wp-json\/wp\/v2\/pages"}],"about":[{"href":"https:\/\/jardinarium.com\/blog\/wp-json\/wp\/v2\/types\/page"}],"author":[{"embeddable":true,"href":"https:\/\/jardinarium.com\/blog\/wp-json\/wp\/v2\/users\/1"}],"replies":[{"embeddable":true,"href":"https:\/\/jardinarium.com\/blog\/wp-json\/wp\/v2\/comments?post=10601"}],"version-history":[{"count":11,"href":"https:\/\/jardinarium.com\/blog\/wp-json\/wp\/v2\/pages\/10601\/revisions"}],"predecessor-version":[{"id":11894,"href":"https:\/\/jardinarium.com\/blog\/wp-json\/wp\/v2\/pages\/10601\/revisions\/11894"}],"wp:attachment":[{"href":"https:\/\/jardinarium.com\/blog\/wp-json\/wp\/v2\/media?parent=10601"}],"curies":[{"name":"wp","href":"https:\/\/api.w.org\/{rel}","templated":true}]}}